{"id":202,"date":"2021-04-14T08:51:04","date_gmt":"2021-04-14T06:51:04","guid":{"rendered":"https:\/\/developersprojects.com\/projects\/g7\/archenea\/wp\/?page_id=202"},"modified":"2021-10-25T13:50:05","modified_gmt":"2021-10-25T11:50:05","slug":"baukostenplanung-controlling","status":"publish","type":"page","link":"https:\/\/archenea-energieberatung.de\/en\/baukostenplanung-controlling\/","title":{"rendered":"Construction Cost Planning &amp; Controlling: ArcheNea Takes Care of the Finances of your Construction Project"},"content":{"rendered":"<div class=\"wp-block-image\"><figure class=\"alignright size-large\"><img decoding=\"async\" width=\"1024\" height=\"523\" src=\"https:\/\/archenea.de\/wp-content\/uploads\/2021\/07\/slider-5-1024x523.jpg\" alt=\"\" class=\"wp-image-314\" srcset=\"https:\/\/archenea-energieberatung.de\/wp-content\/uploads\/2021\/07\/slider-5-1024x523.jpg 1024w, https:\/\/archenea-energieberatung.de\/wp-content\/uploads\/2021\/07\/slider-5-300x153.jpg 300w, https:\/\/archenea-energieberatung.de\/wp-content\/uploads\/2021\/07\/slider-5-768x392.jpg 768w, https:\/\/archenea-energieberatung.de\/wp-content\/uploads\/2021\/07\/slider-5-1536x784.jpg 1536w, https:\/\/archenea-energieberatung.de\/wp-content\/uploads\/2021\/07\/slider-5-1200x613.jpg 1200w, https:\/\/archenea-energieberatung.de\/wp-content\/uploads\/2021\/07\/slider-5.jpg 1920w\" sizes=\"(max-width: 1024px) 100vw, 1024px\" \/><\/figure><\/div>\n\n\n\n<p>Every construction project needs good, early and reliable planning. ArcheNea in Ingolstadt is your financial partner for every construction project. Thanks to many years of experience and expertise in construction cost planning and financial management of construction projects, we keep a close eye on the costs of your construction project. We also coordinate requirements, approve offers and invoices and monitor the construction project on-site.&nbsp;&nbsp;<\/p>\n\n\n\n<h2 class=\"wp-block-heading\"><strong>Construction cost planning &amp; controlling: ArcheNea services at a glance<\/strong><\/h2>\n\n\n\n<ul><li>Keeping a construction expenditure book&nbsp;&nbsp;<\/li><li>Coordinating requirements&nbsp;&nbsp;<\/li><li>Retrieving financing&nbsp;<\/li><li>Release of invoices after technical and mathematical verification&nbsp;<\/li><li>Cost control for budget adherence&nbsp;<\/li><li>On-site supervision of the construction project&nbsp;<\/li><li>Representation in the dealings with credit institutions and authorities<\/li><\/ul>\n\n\n\n<p class=\" translation-block\">Are you planning a construction project and looking for a reliable partner who will assist you through the financial planning to the final acceptance? Then ArcheNea is the place for you! <a href=\"https:\/\/archenea.de\/kontakt\/\" target=\"_self\">Contact us<\/a> and we will arrange an individual consultation appointment.<\/p>","protected":false},"excerpt":{"rendered":"<p>Jedes Bauprojekt braucht eine gute, fr\u00fchzeitige und verl\u00e4ssliche Planung. ArcheNea in Ingolstadt ist Ihr Finanzpartner f\u00fcr jedes Bauprojekt. Dank vieler Jahre Erfahrung und Expertise in der Baukostenplanung und im Finanzmanagement von Bauprojekten haben wir f\u00fcr Sie die Kosten Ihres Bauvorhabens genau im Blick. Au\u00dferdem koordinieren wir Auflagen, geben Angebote und Rechnungen frei und \u00fcberwachen das [&hellip;]<\/p>","protected":false},"author":1,"featured_media":314,"parent":0,"menu_order":0,"comment_status":"closed","ping_status":"closed","template":"","meta":[],"yoast_head":"<!-- This site is optimized with the Yoast SEO plugin v17.0 - https:\/\/yoast.com\/wordpress\/plugins\/seo\/ -->\n<title>Leistungen von ArcheNea: Baukostenplanung &amp; Controlling<\/title>\n<meta name=\"description\" content=\"ArcheNea in Ingolstadt ist Ihr Finanzpartner f\u00fcr jedes Bauprojekt. Wir haben die Kosten im Blick, geben Rechnungen frei und \u00fcberwachen das Bauprojekt.\" \/>\n<meta name=\"robots\" content=\"index, follow, max-snippet:-1, max-image-preview:large, max-video-preview:-1\" \/>\n<link rel=\"canonical\" href=\"https:\/\/archenea-energieberatung.de\/en\/baukostenplanung-controlling\/\" \/>\n<meta property=\"og:locale\" content=\"en_GB\" \/>\n<meta property=\"og:type\" content=\"article\" \/>\n<meta property=\"og:title\" content=\"Leistungen von ArcheNea: Baukostenplanung &amp; Controlling\" \/>\n<meta property=\"og:description\" content=\"ArcheNea in Ingolstadt ist Ihr Finanzpartner f\u00fcr jedes Bauprojekt. Wir haben die Kosten im Blick, geben Rechnungen frei und \u00fcberwachen das Bauprojekt.\" \/>\n<meta property=\"og:url\" content=\"https:\/\/archenea-energieberatung.de\/en\/baukostenplanung-controlling\/\" \/>\n<meta property=\"og:site_name\" content=\"Archenea\" \/>\n<meta property=\"article:modified_time\" content=\"2021-10-25T11:50:05+00:00\" \/>\n<meta property=\"og:image\" content=\"https:\/\/archenea-energieberatung.de\/wp-content\/uploads\/2021\/07\/slider-5.jpg\" \/>\n\t<meta property=\"og:image:width\" content=\"1920\" \/>\n\t<meta property=\"og:image:height\" content=\"980\" \/>\n<meta name=\"twitter:card\" content=\"summary_large_image\" \/>\n<meta name=\"twitter:label1\" content=\"Estimated reading time\" \/>\n\t<meta name=\"twitter:data1\" content=\"1 minute\" \/>\n<script type=\"application\/ld+json\" class=\"yoast-schema-graph\">{\"@context\":\"https:\/\/schema.org\",\"@graph\":[{\"@type\":\"WebSite\",\"@id\":\"https:\/\/archenea-energieberatung.de\/en\/#website\",\"url\":\"https:\/\/archenea-energieberatung.de\/en\/\",\"name\":\"Archenea\",\"description\":\"\",\"potentialAction\":[{\"@type\":\"SearchAction\",\"target\":{\"@type\":\"EntryPoint\",\"urlTemplate\":\"https:\/\/archenea-energieberatung.de\/en\/?s={search_term_string}\"},\"query-input\":\"required name=search_term_string\"}],\"inLanguage\":\"en-GB\"},{\"@type\":\"ImageObject\",\"@id\":\"https:\/\/archenea-energieberatung.de\/en\/baukostenplanung-controlling\/#primaryimage\",\"inLanguage\":\"en-GB\",\"url\":\"https:\/\/archenea-energieberatung.de\/wp-content\/uploads\/2021\/07\/slider-5.jpg\",\"contentUrl\":\"https:\/\/archenea-energieberatung.de\/wp-content\/uploads\/2021\/07\/slider-5.jpg\",\"width\":1920,\"height\":980},{\"@type\":\"WebPage\",\"@id\":\"https:\/\/archenea-energieberatung.de\/en\/baukostenplanung-controlling\/#webpage\",\"url\":\"https:\/\/archenea-energieberatung.de\/en\/baukostenplanung-controlling\/\",\"name\":\"Leistungen von ArcheNea: Baukostenplanung & Controlling\",\"isPartOf\":{\"@id\":\"https:\/\/archenea-energieberatung.de\/en\/#website\"},\"primaryImageOfPage\":{\"@id\":\"https:\/\/archenea-energieberatung.de\/en\/baukostenplanung-controlling\/#primaryimage\"},\"datePublished\":\"2021-04-14T06:51:04+00:00\",\"dateModified\":\"2021-10-25T11:50:05+00:00\",\"description\":\"ArcheNea in Ingolstadt ist Ihr Finanzpartner f\\u00fcr jedes Bauprojekt. Wir haben die Kosten im Blick, geben Rechnungen frei und \\u00fcberwachen das Bauprojekt.\",\"breadcrumb\":{\"@id\":\"https:\/\/archenea-energieberatung.de\/en\/baukostenplanung-controlling\/#breadcrumb\"},\"inLanguage\":\"en-GB\",\"potentialAction\":[{\"@type\":\"ReadAction\",\"target\":[\"https:\/\/archenea-energieberatung.de\/en\/baukostenplanung-controlling\/\"]}]},{\"@type\":\"BreadcrumbList\",\"@id\":\"https:\/\/archenea-energieberatung.de\/en\/baukostenplanung-controlling\/#breadcrumb\",\"itemListElement\":[{\"@type\":\"ListItem\",\"position\":1,\"name\":\"Startseite\",\"item\":\"https:\/\/archenea-energieberatung.de\/en\/\"},{\"@type\":\"ListItem\",\"position\":2,\"name\":\"Baukostenplanung &#038; Controlling: ArcheNea k\\u00fcmmert sich um die Finanzen Ihres Bauprojekts\"}]}]}<\/script>\n<!-- \/ Yoast SEO plugin. -->","yoast_head_json":{"title":"Leistungen von ArcheNea: Baukostenplanung & Controlling","description":"ArcheNea in Ingolstadt ist Ihr Finanzpartner f\u00fcr jedes Bauprojekt. Wir haben die Kosten im Blick, geben Rechnungen frei und \u00fcberwachen das Bauprojekt.","robots":{"index":"index","follow":"follow","max-snippet":"max-snippet:-1","max-image-preview":"max-image-preview:large","max-video-preview":"max-video-preview:-1"},"canonical":"https:\/\/archenea-energieberatung.de\/en\/baukostenplanung-controlling\/","og_locale":"en_GB","og_type":"article","og_title":"Leistungen von ArcheNea: Baukostenplanung & Controlling","og_description":"ArcheNea in Ingolstadt ist Ihr Finanzpartner f\u00fcr jedes Bauprojekt. Wir haben die Kosten im Blick, geben Rechnungen frei und \u00fcberwachen das Bauprojekt.","og_url":"https:\/\/archenea-energieberatung.de\/en\/baukostenplanung-controlling\/","og_site_name":"Archenea","article_modified_time":"2021-10-25T11:50:05+00:00","og_image":[{"width":1920,"height":980,"url":"https:\/\/archenea-energieberatung.de\/wp-content\/uploads\/2021\/07\/slider-5.jpg","path":"\/homepages\/u54842\/archenea_wordpress\/wp-content\/uploads\/2021\/07\/slider-5.jpg","size":"full","id":314,"alt":"","pixels":1881600,"type":"image\/jpeg"}],"twitter_card":"summary_large_image","twitter_misc":{"Estimated reading time":"1 minute"},"schema":{"@context":"https:\/\/schema.org","@graph":[{"@type":"WebSite","@id":"https:\/\/archenea-energieberatung.de\/en\/#website","url":"https:\/\/archenea-energieberatung.de\/en\/","name":"Archenea","description":"","potentialAction":[{"@type":"SearchAction","target":{"@type":"EntryPoint","urlTemplate":"https:\/\/archenea-energieberatung.de\/en\/?s={search_term_string}"},"query-input":"required name=search_term_string"}],"inLanguage":"en-GB"},{"@type":"ImageObject","@id":"https:\/\/archenea-energieberatung.de\/en\/baukostenplanung-controlling\/#primaryimage","inLanguage":"en-GB","url":"https:\/\/archenea-energieberatung.de\/wp-content\/uploads\/2021\/07\/slider-5.jpg","contentUrl":"https:\/\/archenea-energieberatung.de\/wp-content\/uploads\/2021\/07\/slider-5.jpg","width":1920,"height":980},{"@type":"WebPage","@id":"https:\/\/archenea-energieberatung.de\/en\/baukostenplanung-controlling\/#webpage","url":"https:\/\/archenea-energieberatung.de\/en\/baukostenplanung-controlling\/","name":"Leistungen von ArcheNea: Baukostenplanung & Controlling","isPartOf":{"@id":"https:\/\/archenea-energieberatung.de\/en\/#website"},"primaryImageOfPage":{"@id":"https:\/\/archenea-energieberatung.de\/en\/baukostenplanung-controlling\/#primaryimage"},"datePublished":"2021-04-14T06:51:04+00:00","dateModified":"2021-10-25T11:50:05+00:00","description":"ArcheNea in Ingolstadt ist Ihr Finanzpartner f\u00fcr jedes Bauprojekt. Wir haben die Kosten im Blick, geben Rechnungen frei und \u00fcberwachen das Bauprojekt.","breadcrumb":{"@id":"https:\/\/archenea-energieberatung.de\/en\/baukostenplanung-controlling\/#breadcrumb"},"inLanguage":"en-GB","potentialAction":[{"@type":"ReadAction","target":["https:\/\/archenea-energieberatung.de\/en\/baukostenplanung-controlling\/"]}]},{"@type":"BreadcrumbList","@id":"https:\/\/archenea-energieberatung.de\/en\/baukostenplanung-controlling\/#breadcrumb","itemListElement":[{"@type":"ListItem","position":1,"name":"Startseite","item":"https:\/\/archenea-energieberatung.de\/en\/"},{"@type":"ListItem","position":2,"name":"Baukostenplanung &#038; Controlling: ArcheNea k\u00fcmmert sich um die Finanzen Ihres Bauprojekts"}]}]}},"_links":{"self":[{"href":"https:\/\/archenea-energieberatung.de\/en\/wp-json\/wp\/v2\/pages\/202"}],"collection":[{"href":"https:\/\/archenea-energieberatung.de\/en\/wp-json\/wp\/v2\/pages"}],"about":[{"href":"https:\/\/archenea-energieberatung.de\/en\/wp-json\/wp\/v2\/types\/page"}],"author":[{"embeddable":true,"href":"https:\/\/archenea-energieberatung.de\/en\/wp-json\/wp\/v2\/users\/1"}],"replies":[{"embeddable":true,"href":"https:\/\/archenea-energieberatung.de\/en\/wp-json\/wp\/v2\/comments?post=202"}],"version-history":[{"count":17,"href":"https:\/\/archenea-energieberatung.de\/en\/wp-json\/wp\/v2\/pages\/202\/revisions"}],"predecessor-version":[{"id":458,"href":"https:\/\/archenea-energieberatung.de\/en\/wp-json\/wp\/v2\/pages\/202\/revisions\/458"}],"wp:featuredmedia":[{"embeddable":true,"href":"https:\/\/archenea-energieberatung.de\/en\/wp-json\/wp\/v2\/media\/314"}],"wp:attachment":[{"href":"https:\/\/archenea-energieberatung.de\/en\/wp-json\/wp\/v2\/media?parent=202"}],"curies":[{"name":"wp","href":"https:\/\/api.w.org\/{rel}","templated":true}]}}