{"id":47,"date":"2021-02-20T10:57:59","date_gmt":"2021-02-20T09:57:59","guid":{"rendered":"http:\/\/localhost\/archenea\/?page_id=47"},"modified":"2025-01-09T14:32:44","modified_gmt":"2025-01-09T13:32:44","slug":"home","status":"publish","type":"page","link":"https:\/\/archenea-energieberatung.de\/en\/","title":{"rendered":"Home"},"content":{"rendered":"","protected":false},"excerpt":{"rendered":"","protected":false},"author":1,"featured_media":0,"parent":0,"menu_order":0,"comment_status":"closed","ping_status":"closed","template":"templates\/home-template.php","meta":[],"yoast_head":"<!-- This site is optimized with the Yoast SEO plugin v17.0 - https:\/\/yoast.com\/wordpress\/plugins\/seo\/ -->\n<title>ArcheNea Ingolstadt: Bauprojektmanagement und Energieeffizienz<\/title>\n<meta name=\"description\" content=\"Die ArcheNea GmbH in Ingolstadt ist Ihr zuverl\u00e4ssiger Partner f\u00fcr Bauprojekte. Sie ben\u00f6tigen Unterst\u00fctzung bei Ihrem Bauvorhaben? Melden Sie sich bei uns!\" \/>\n<meta name=\"robots\" content=\"index, follow, max-snippet:-1, max-image-preview:large, max-video-preview:-1\" \/>\n<link rel=\"canonical\" href=\"https:\/\/archenea-energieberatung.de\/en\/\" \/>\n<meta property=\"og:locale\" content=\"en_GB\" \/>\n<meta property=\"og:type\" content=\"article\" \/>\n<meta property=\"og:title\" content=\"ArcheNea Ingolstadt: Bauprojektmanagement und Energieeffizienz\" \/>\n<meta property=\"og:description\" content=\"Die ArcheNea GmbH in Ingolstadt ist Ihr zuverl\u00e4ssiger Partner f\u00fcr Bauprojekte. Sie ben\u00f6tigen Unterst\u00fctzung bei Ihrem Bauvorhaben? Melden Sie sich bei uns!\" \/>\n<meta property=\"og:url\" content=\"https:\/\/archenea-energieberatung.de\/en\/\" \/>\n<meta property=\"og:site_name\" content=\"Archenea\" \/>\n<meta property=\"article:modified_time\" content=\"2025-01-09T13:32:44+00:00\" \/>\n<meta name=\"twitter:card\" content=\"summary_large_image\" \/>\n<script type=\"application\/ld+json\" class=\"yoast-schema-graph\">{\"@context\":\"https:\/\/schema.org\",\"@graph\":[{\"@type\":\"WebSite\",\"@id\":\"https:\/\/archenea-energieberatung.de\/en\/#website\",\"url\":\"https:\/\/archenea-energieberatung.de\/en\/\",\"name\":\"Archenea\",\"description\":\"\",\"potentialAction\":[{\"@type\":\"SearchAction\",\"target\":{\"@type\":\"EntryPoint\",\"urlTemplate\":\"https:\/\/archenea-energieberatung.de\/en\/?s={search_term_string}\"},\"query-input\":\"required name=search_term_string\"}],\"inLanguage\":\"en-GB\"},{\"@type\":\"WebPage\",\"@id\":\"https:\/\/archenea-energieberatung.de\/en\/#webpage\",\"url\":\"https:\/\/archenea-energieberatung.de\/en\/\",\"name\":\"ArcheNea Ingolstadt: Bauprojektmanagement und Energieeffizienz\",\"isPartOf\":{\"@id\":\"https:\/\/archenea-energieberatung.de\/en\/#website\"},\"datePublished\":\"2021-02-20T09:57:59+00:00\",\"dateModified\":\"2025-01-09T13:32:44+00:00\",\"description\":\"Die ArcheNea GmbH in Ingolstadt ist Ihr zuverl\\u00e4ssiger Partner f\\u00fcr Bauprojekte. Sie ben\\u00f6tigen Unterst\\u00fctzung bei Ihrem Bauvorhaben? Melden Sie sich bei uns!\",\"breadcrumb\":{\"@id\":\"https:\/\/archenea-energieberatung.de\/en\/#breadcrumb\"},\"inLanguage\":\"en-GB\",\"potentialAction\":[{\"@type\":\"ReadAction\",\"target\":[\"https:\/\/archenea-energieberatung.de\/en\/\"]}]},{\"@type\":\"BreadcrumbList\",\"@id\":\"https:\/\/archenea-energieberatung.de\/en\/#breadcrumb\",\"itemListElement\":[{\"@type\":\"ListItem\",\"position\":1,\"name\":\"Startseite\",\"item\":\"https:\/\/archenea-energieberatung.de\/en\/\"},{\"@type\":\"ListItem\",\"position\":2,\"name\":\"Home\"}]}]}<\/script>\n<!-- \/ Yoast SEO plugin. -->","yoast_head_json":{"title":"ArcheNea Ingolstadt: Bauprojektmanagement und Energieeffizienz","description":"Die ArcheNea GmbH in Ingolstadt ist Ihr zuverl\u00e4ssiger Partner f\u00fcr Bauprojekte. Sie ben\u00f6tigen Unterst\u00fctzung bei Ihrem Bauvorhaben? Melden Sie sich bei uns!","robots":{"index":"index","follow":"follow","max-snippet":"max-snippet:-1","max-image-preview":"max-image-preview:large","max-video-preview":"max-video-preview:-1"},"canonical":"https:\/\/archenea-energieberatung.de\/en\/","og_locale":"en_GB","og_type":"article","og_title":"ArcheNea Ingolstadt: Bauprojektmanagement und Energieeffizienz","og_description":"Die ArcheNea GmbH in Ingolstadt ist Ihr zuverl\u00e4ssiger Partner f\u00fcr Bauprojekte. Sie ben\u00f6tigen Unterst\u00fctzung bei Ihrem Bauvorhaben? Melden Sie sich bei uns!","og_url":"https:\/\/archenea-energieberatung.de\/en\/","og_site_name":"Archenea","article_modified_time":"2025-01-09T13:32:44+00:00","twitter_card":"summary_large_image","schema":{"@context":"https:\/\/schema.org","@graph":[{"@type":"WebSite","@id":"https:\/\/archenea-energieberatung.de\/en\/#website","url":"https:\/\/archenea-energieberatung.de\/en\/","name":"Archenea","description":"","potentialAction":[{"@type":"SearchAction","target":{"@type":"EntryPoint","urlTemplate":"https:\/\/archenea-energieberatung.de\/en\/?s={search_term_string}"},"query-input":"required name=search_term_string"}],"inLanguage":"en-GB"},{"@type":"WebPage","@id":"https:\/\/archenea-energieberatung.de\/en\/#webpage","url":"https:\/\/archenea-energieberatung.de\/en\/","name":"ArcheNea Ingolstadt: Bauprojektmanagement und Energieeffizienz","isPartOf":{"@id":"https:\/\/archenea-energieberatung.de\/en\/#website"},"datePublished":"2021-02-20T09:57:59+00:00","dateModified":"2025-01-09T13:32:44+00:00","description":"Die ArcheNea GmbH in Ingolstadt ist Ihr zuverl\u00e4ssiger Partner f\u00fcr Bauprojekte. Sie ben\u00f6tigen Unterst\u00fctzung bei Ihrem Bauvorhaben? Melden Sie sich bei uns!","breadcrumb":{"@id":"https:\/\/archenea-energieberatung.de\/en\/#breadcrumb"},"inLanguage":"en-GB","potentialAction":[{"@type":"ReadAction","target":["https:\/\/archenea-energieberatung.de\/en\/"]}]},{"@type":"BreadcrumbList","@id":"https:\/\/archenea-energieberatung.de\/en\/#breadcrumb","itemListElement":[{"@type":"ListItem","position":1,"name":"Startseite","item":"https:\/\/archenea-energieberatung.de\/en\/"},{"@type":"ListItem","position":2,"name":"Home"}]}]}},"_links":{"self":[{"href":"https:\/\/archenea-energieberatung.de\/en\/wp-json\/wp\/v2\/pages\/47"}],"collection":[{"href":"https:\/\/archenea-energieberatung.de\/en\/wp-json\/wp\/v2\/pages"}],"about":[{"href":"https:\/\/archenea-energieberatung.de\/en\/wp-json\/wp\/v2\/types\/page"}],"author":[{"embeddable":true,"href":"https:\/\/archenea-energieberatung.de\/en\/wp-json\/wp\/v2\/users\/1"}],"replies":[{"embeddable":true,"href":"https:\/\/archenea-energieberatung.de\/en\/wp-json\/wp\/v2\/comments?post=47"}],"version-history":[{"count":79,"href":"https:\/\/archenea-energieberatung.de\/en\/wp-json\/wp\/v2\/pages\/47\/revisions"}],"predecessor-version":[{"id":574,"href":"https:\/\/archenea-energieberatung.de\/en\/wp-json\/wp\/v2\/pages\/47\/revisions\/574"}],"wp:attachment":[{"href":"https:\/\/archenea-energieberatung.de\/en\/wp-json\/wp\/v2\/media?parent=47"}],"curies":[{"name":"wp","href":"https:\/\/api.w.org\/{rel}","templated":true}]}}