{"id":49,"date":"2021-02-20T10:58:52","date_gmt":"2021-02-20T09:58:52","guid":{"rendered":"http:\/\/localhost\/archenea\/?page_id=49"},"modified":"2021-10-25T13:38:02","modified_gmt":"2021-10-25T11:38:02","slug":"bauphysik","status":"publish","type":"page","link":"https:\/\/archenea-energieberatung.de\/en\/bauphysik\/","title":{"rendered":"Building Physics: What ArcheNea Does"},"content":{"rendered":"<div class=\"wp-block-image\"><figure class=\"alignright size-large\"><img decoding=\"async\" width=\"1024\" height=\"523\" src=\"https:\/\/archenea.de\/wp-content\/uploads\/2021\/07\/slider-1-1024x523.jpg\" alt=\"\" class=\"wp-image-303\" srcset=\"https:\/\/archenea-energieberatung.de\/wp-content\/uploads\/2021\/07\/slider-1-1024x523.jpg 1024w, https:\/\/archenea-energieberatung.de\/wp-content\/uploads\/2021\/07\/slider-1-300x153.jpg 300w, https:\/\/archenea-energieberatung.de\/wp-content\/uploads\/2021\/07\/slider-1-768x392.jpg 768w, https:\/\/archenea-energieberatung.de\/wp-content\/uploads\/2021\/07\/slider-1-1536x784.jpg 1536w, https:\/\/archenea-energieberatung.de\/wp-content\/uploads\/2021\/07\/slider-1-1200x613.jpg 1200w, https:\/\/archenea-energieberatung.de\/wp-content\/uploads\/2021\/07\/slider-1.jpg 1920w\" sizes=\"(max-width: 1024px) 100vw, 1024px\" \/><\/figure><\/div>\n\n\n\n<p>Building physics investigates the physical principles of building technology. In particular, it deals with the permeability of heat, sound, moisture and air. Thermal building physics deals, among other things, with the assessment of the indoor climate as well as moisture and heat protection in buildings. The aim is to optimize the building in terms of energy and to successfully prove that the guidelines of the Building Energy Act (GEG) are met in new and existing buildings.<\/p>\n\n\n\n<h2 class=\"wp-block-heading\"><strong>Thermal building physics: ArcheNea's services at a glance<\/strong><\/h2>\n\n\n\n<p>As a reliable energy efficiency consultant, ArcheNea is your partner for all aspects of thermal building physics. For your building project, we take care of the preparation of expert opinions and analyses related to thermal building physics. Our services include:<\/p>\n\n\n\n<ul><li>Expert opinions on mold damage, structural defects, moisture protection, screeds and minimum thermal protection<\/li><li>Thermal bridge analysis<\/li><li>Thermal building physics expert opinions<\/li><li>Sunlight studies and shadow analyses<\/li><li>Expert opinions for the verification of summer thermal insulation according to DAV 4108-2&nbsp;<\/li><\/ul>\n\n\n\n<p class=\" translation-block\">Do you need assistance with topics related to thermal building physics? Then contact ArcheNea today. We are your building experts in Ingolstadt! It is important to us to bring together the individual needs of your building project with current trends such as sustainability and legal requirements such as new energy laws.<\/p>\n\n\n\n<p>When we plan your construction project, we make sure that ...<\/p>\n\n\n\n<ul><li>Energy costs are reduced<\/li><li>Environmental protection is realized<\/li><li>Energy is saved<\/li><li>Health protection is given top priority<\/li><\/ul>\n\n\n\n<p>We work in close cooperation with our clients and find the right concepts for each building project.<\/p>\n\n\n\n<h2 class=\"wp-block-heading\"><strong>Why thermal building physics is important in construction projects<\/strong><\/h2>\n\n\n\n<p>The development of building materials is progressing. More and more materials can be found on the market, and this makes orientation for builders and developers increasingly difficult. At the same time, new directives and laws mean that the requirements for new buildings and existing buildings on the real estate market are becoming ever more stringent.&nbsp;<\/p>\n\n\n\n<p>It is therefore necessary to continuously review and optimize materials, procedures and processes in construction projects. Through constant review and optimization, you can plan your construction project sustainably and economically.<\/p>","protected":false},"excerpt":{"rendered":"<p>Die Bauphysik untersucht die physikalischen Grundlagen der Bautechnik. Dabei geht es insbesondere um die Durchl\u00e4ssigkeit von W\u00e4rme, Schall, Feuchtigkeit und Luft. Die thermische Bauphysik besch\u00e4ftigt sich unter anderem mit der Beurteilung des Raumklimas sowie dem Feuchtigkeits- und W\u00e4rmeschutz in Geb\u00e4uden. Ziel ist es, das Geb\u00e4ude energetisch zu optimieren und erfolgreich zu belegen, dass die Richtlinien [&hellip;]<\/p>","protected":false},"author":1,"featured_media":176,"parent":0,"menu_order":0,"comment_status":"closed","ping_status":"closed","template":"","meta":[],"yoast_head":"<!-- This site is optimized with the Yoast SEO plugin v17.0 - https:\/\/yoast.com\/wordpress\/plugins\/seo\/ -->\n<title>ArcheNea in Ingolstadt: Unsere Leistungen rund um Bauphysik<\/title>\n<meta name=\"description\" content=\"ArcheNea ist Ihr Partner rund um thermische Bauphysik. Wir k\u00fcmmern uns um die Erstellung von Gutachten und Analysen. Hier finden Sie unsere Leistungen.\" \/>\n<meta name=\"robots\" content=\"index, follow, max-snippet:-1, max-image-preview:large, max-video-preview:-1\" \/>\n<link rel=\"canonical\" href=\"https:\/\/archenea-energieberatung.de\/en\/bauphysik\/\" \/>\n<meta property=\"og:locale\" content=\"en_GB\" \/>\n<meta property=\"og:type\" content=\"article\" \/>\n<meta property=\"og:title\" content=\"ArcheNea in Ingolstadt: Unsere Leistungen rund um Bauphysik\" \/>\n<meta property=\"og:description\" content=\"ArcheNea ist Ihr Partner rund um thermische Bauphysik. Wir k\u00fcmmern uns um die Erstellung von Gutachten und Analysen. Hier finden Sie unsere Leistungen.\" \/>\n<meta property=\"og:url\" content=\"https:\/\/archenea-energieberatung.de\/en\/bauphysik\/\" \/>\n<meta property=\"og:site_name\" content=\"Archenea\" \/>\n<meta property=\"article:modified_time\" content=\"2021-10-25T11:38:02+00:00\" \/>\n<meta property=\"og:image\" content=\"https:\/\/archenea-energieberatung.de\/wp-content\/uploads\/2021\/02\/unternehmen-banner.jpg\" \/>\n\t<meta property=\"og:image:width\" content=\"1920\" \/>\n\t<meta property=\"og:image:height\" content=\"542\" \/>\n<meta name=\"twitter:card\" content=\"summary_large_image\" \/>\n<meta name=\"twitter:label1\" content=\"Estimated reading time\" \/>\n\t<meta name=\"twitter:data1\" content=\"2 minutes\" \/>\n<script type=\"application\/ld+json\" class=\"yoast-schema-graph\">{\"@context\":\"https:\/\/schema.org\",\"@graph\":[{\"@type\":\"WebSite\",\"@id\":\"https:\/\/archenea-energieberatung.de\/en\/#website\",\"url\":\"https:\/\/archenea-energieberatung.de\/en\/\",\"name\":\"Archenea\",\"description\":\"\",\"potentialAction\":[{\"@type\":\"SearchAction\",\"target\":{\"@type\":\"EntryPoint\",\"urlTemplate\":\"https:\/\/archenea-energieberatung.de\/en\/?s={search_term_string}\"},\"query-input\":\"required name=search_term_string\"}],\"inLanguage\":\"en-GB\"},{\"@type\":\"ImageObject\",\"@id\":\"https:\/\/archenea-energieberatung.de\/en\/bauphysik\/#primaryimage\",\"inLanguage\":\"en-GB\",\"url\":\"https:\/\/archenea-energieberatung.de\/wp-content\/uploads\/2021\/02\/unternehmen-banner.jpg\",\"contentUrl\":\"https:\/\/archenea-energieberatung.de\/wp-content\/uploads\/2021\/02\/unternehmen-banner.jpg\",\"width\":1920,\"height\":542},{\"@type\":\"WebPage\",\"@id\":\"https:\/\/archenea-energieberatung.de\/en\/bauphysik\/#webpage\",\"url\":\"https:\/\/archenea-energieberatung.de\/en\/bauphysik\/\",\"name\":\"ArcheNea in Ingolstadt: Unsere Leistungen rund um Bauphysik\",\"isPartOf\":{\"@id\":\"https:\/\/archenea-energieberatung.de\/en\/#website\"},\"primaryImageOfPage\":{\"@id\":\"https:\/\/archenea-energieberatung.de\/en\/bauphysik\/#primaryimage\"},\"datePublished\":\"2021-02-20T09:58:52+00:00\",\"dateModified\":\"2021-10-25T11:38:02+00:00\",\"description\":\"ArcheNea ist Ihr Partner rund um thermische Bauphysik. Wir k\\u00fcmmern uns um die Erstellung von Gutachten und Analysen. Hier finden Sie unsere Leistungen.\",\"breadcrumb\":{\"@id\":\"https:\/\/archenea-energieberatung.de\/en\/bauphysik\/#breadcrumb\"},\"inLanguage\":\"en-GB\",\"potentialAction\":[{\"@type\":\"ReadAction\",\"target\":[\"https:\/\/archenea-energieberatung.de\/en\/bauphysik\/\"]}]},{\"@type\":\"BreadcrumbList\",\"@id\":\"https:\/\/archenea-energieberatung.de\/en\/bauphysik\/#breadcrumb\",\"itemListElement\":[{\"@type\":\"ListItem\",\"position\":1,\"name\":\"Startseite\",\"item\":\"https:\/\/archenea-energieberatung.de\/en\/\"},{\"@type\":\"ListItem\",\"position\":2,\"name\":\"Bauphysik: Das macht die ArcheNea\"}]}]}<\/script>\n<!-- \/ Yoast SEO plugin. -->","yoast_head_json":{"title":"ArcheNea in Ingolstadt: Unsere Leistungen rund um Bauphysik","description":"ArcheNea ist Ihr Partner rund um thermische Bauphysik. Wir k\u00fcmmern uns um die Erstellung von Gutachten und Analysen. Hier finden Sie unsere Leistungen.","robots":{"index":"index","follow":"follow","max-snippet":"max-snippet:-1","max-image-preview":"max-image-preview:large","max-video-preview":"max-video-preview:-1"},"canonical":"https:\/\/archenea-energieberatung.de\/en\/bauphysik\/","og_locale":"en_GB","og_type":"article","og_title":"ArcheNea in Ingolstadt: Unsere Leistungen rund um Bauphysik","og_description":"ArcheNea ist Ihr Partner rund um thermische Bauphysik. Wir k\u00fcmmern uns um die Erstellung von Gutachten und Analysen. Hier finden Sie unsere Leistungen.","og_url":"https:\/\/archenea-energieberatung.de\/en\/bauphysik\/","og_site_name":"Archenea","article_modified_time":"2021-10-25T11:38:02+00:00","og_image":[{"width":1920,"height":542,"url":"https:\/\/archenea-energieberatung.de\/wp-content\/uploads\/2021\/02\/unternehmen-banner.jpg","path":"\/homepages\/u54842\/archenea_wordpress\/wp-content\/uploads\/2021\/02\/unternehmen-banner.jpg","size":"full","id":176,"alt":"","pixels":1040640,"type":"image\/jpeg"}],"twitter_card":"summary_large_image","twitter_misc":{"Estimated reading time":"2 minutes"},"schema":{"@context":"https:\/\/schema.org","@graph":[{"@type":"WebSite","@id":"https:\/\/archenea-energieberatung.de\/en\/#website","url":"https:\/\/archenea-energieberatung.de\/en\/","name":"Archenea","description":"","potentialAction":[{"@type":"SearchAction","target":{"@type":"EntryPoint","urlTemplate":"https:\/\/archenea-energieberatung.de\/en\/?s={search_term_string}"},"query-input":"required name=search_term_string"}],"inLanguage":"en-GB"},{"@type":"ImageObject","@id":"https:\/\/archenea-energieberatung.de\/en\/bauphysik\/#primaryimage","inLanguage":"en-GB","url":"https:\/\/archenea-energieberatung.de\/wp-content\/uploads\/2021\/02\/unternehmen-banner.jpg","contentUrl":"https:\/\/archenea-energieberatung.de\/wp-content\/uploads\/2021\/02\/unternehmen-banner.jpg","width":1920,"height":542},{"@type":"WebPage","@id":"https:\/\/archenea-energieberatung.de\/en\/bauphysik\/#webpage","url":"https:\/\/archenea-energieberatung.de\/en\/bauphysik\/","name":"ArcheNea in Ingolstadt: Unsere Leistungen rund um Bauphysik","isPartOf":{"@id":"https:\/\/archenea-energieberatung.de\/en\/#website"},"primaryImageOfPage":{"@id":"https:\/\/archenea-energieberatung.de\/en\/bauphysik\/#primaryimage"},"datePublished":"2021-02-20T09:58:52+00:00","dateModified":"2021-10-25T11:38:02+00:00","description":"ArcheNea ist Ihr Partner rund um thermische Bauphysik. Wir k\u00fcmmern uns um die Erstellung von Gutachten und Analysen. Hier finden Sie unsere Leistungen.","breadcrumb":{"@id":"https:\/\/archenea-energieberatung.de\/en\/bauphysik\/#breadcrumb"},"inLanguage":"en-GB","potentialAction":[{"@type":"ReadAction","target":["https:\/\/archenea-energieberatung.de\/en\/bauphysik\/"]}]},{"@type":"BreadcrumbList","@id":"https:\/\/archenea-energieberatung.de\/en\/bauphysik\/#breadcrumb","itemListElement":[{"@type":"ListItem","position":1,"name":"Startseite","item":"https:\/\/archenea-energieberatung.de\/en\/"},{"@type":"ListItem","position":2,"name":"Bauphysik: Das macht die ArcheNea"}]}]}},"_links":{"self":[{"href":"https:\/\/archenea-energieberatung.de\/en\/wp-json\/wp\/v2\/pages\/49"}],"collection":[{"href":"https:\/\/archenea-energieberatung.de\/en\/wp-json\/wp\/v2\/pages"}],"about":[{"href":"https:\/\/archenea-energieberatung.de\/en\/wp-json\/wp\/v2\/types\/page"}],"author":[{"embeddable":true,"href":"https:\/\/archenea-energieberatung.de\/en\/wp-json\/wp\/v2\/users\/1"}],"replies":[{"embeddable":true,"href":"https:\/\/archenea-energieberatung.de\/en\/wp-json\/wp\/v2\/comments?post=49"}],"version-history":[{"count":22,"href":"https:\/\/archenea-energieberatung.de\/en\/wp-json\/wp\/v2\/pages\/49\/revisions"}],"predecessor-version":[{"id":452,"href":"https:\/\/archenea-energieberatung.de\/en\/wp-json\/wp\/v2\/pages\/49\/revisions\/452"}],"wp:featuredmedia":[{"embeddable":true,"href":"https:\/\/archenea-energieberatung.de\/en\/wp-json\/wp\/v2\/media\/176"}],"wp:attachment":[{"href":"https:\/\/archenea-energieberatung.de\/en\/wp-json\/wp\/v2\/media?parent=49"}],"curies":[{"name":"wp","href":"https:\/\/api.w.org\/{rel}","templated":true}]}}