{"id":51,"date":"2021-02-20T10:59:14","date_gmt":"2021-02-20T09:59:14","guid":{"rendered":"http:\/\/localhost\/archenea\/?page_id=51"},"modified":"2021-10-25T13:32:57","modified_gmt":"2021-10-25T11:32:57","slug":"unternehmen","status":"publish","type":"page","link":"https:\/\/archenea-energieberatung.de\/en\/unternehmen\/","title":{"rendered":"Construction Consultants in Ingolstadt: ArcheNea GmbH"},"content":{"rendered":"","protected":false},"excerpt":{"rendered":"","protected":false},"author":1,"featured_media":176,"parent":0,"menu_order":0,"comment_status":"closed","ping_status":"closed","template":"templates\/innerpage.php","meta":[],"yoast_head":"<!-- This site is optimized with the Yoast SEO plugin v17.0 - https:\/\/yoast.com\/wordpress\/plugins\/seo\/ -->\n<title>ArcheNea GmbH in Ingolstadt: Experten im Bauwesen<\/title>\n<meta name=\"description\" content=\"ArcheNea ist der zuverl\u00e4ssige Partner f\u00fcr Ihr Bauvorhaben. Die Bauexperten in Ingolstadt k\u00fcmmern sich um Bauprojekte. Mehr zu ArcheNea finden Sie hier.\" \/>\n<meta name=\"robots\" content=\"index, follow, max-snippet:-1, max-image-preview:large, max-video-preview:-1\" \/>\n<link rel=\"canonical\" href=\"https:\/\/archenea-energieberatung.de\/en\/unternehmen\/\" \/>\n<meta property=\"og:locale\" content=\"en_GB\" \/>\n<meta property=\"og:type\" content=\"article\" \/>\n<meta property=\"og:title\" content=\"ArcheNea GmbH in Ingolstadt: Experten im Bauwesen\" \/>\n<meta property=\"og:description\" content=\"ArcheNea ist der zuverl\u00e4ssige Partner f\u00fcr Ihr Bauvorhaben. Die Bauexperten in Ingolstadt k\u00fcmmern sich um Bauprojekte. Mehr zu ArcheNea finden Sie hier.\" \/>\n<meta property=\"og:url\" content=\"https:\/\/archenea-energieberatung.de\/en\/unternehmen\/\" \/>\n<meta property=\"og:site_name\" content=\"Archenea\" \/>\n<meta property=\"article:modified_time\" content=\"2021-10-25T11:32:57+00:00\" \/>\n<meta property=\"og:image\" content=\"https:\/\/archenea-energieberatung.de\/wp-content\/uploads\/2021\/02\/unternehmen-banner.jpg\" \/>\n\t<meta property=\"og:image:width\" content=\"1920\" \/>\n\t<meta property=\"og:image:height\" content=\"542\" \/>\n<meta name=\"twitter:card\" content=\"summary_large_image\" \/>\n<script type=\"application\/ld+json\" class=\"yoast-schema-graph\">{\"@context\":\"https:\/\/schema.org\",\"@graph\":[{\"@type\":\"WebSite\",\"@id\":\"https:\/\/archenea-energieberatung.de\/en\/#website\",\"url\":\"https:\/\/archenea-energieberatung.de\/en\/\",\"name\":\"Archenea\",\"description\":\"\",\"potentialAction\":[{\"@type\":\"SearchAction\",\"target\":{\"@type\":\"EntryPoint\",\"urlTemplate\":\"https:\/\/archenea-energieberatung.de\/en\/?s={search_term_string}\"},\"query-input\":\"required name=search_term_string\"}],\"inLanguage\":\"en-GB\"},{\"@type\":\"ImageObject\",\"@id\":\"https:\/\/archenea-energieberatung.de\/en\/unternehmen\/#primaryimage\",\"inLanguage\":\"en-GB\",\"url\":\"https:\/\/archenea-energieberatung.de\/wp-content\/uploads\/2021\/02\/unternehmen-banner.jpg\",\"contentUrl\":\"https:\/\/archenea-energieberatung.de\/wp-content\/uploads\/2021\/02\/unternehmen-banner.jpg\",\"width\":1920,\"height\":542},{\"@type\":\"WebPage\",\"@id\":\"https:\/\/archenea-energieberatung.de\/en\/unternehmen\/#webpage\",\"url\":\"https:\/\/archenea-energieberatung.de\/en\/unternehmen\/\",\"name\":\"ArcheNea GmbH in Ingolstadt: Experten im Bauwesen\",\"isPartOf\":{\"@id\":\"https:\/\/archenea-energieberatung.de\/en\/#website\"},\"primaryImageOfPage\":{\"@id\":\"https:\/\/archenea-energieberatung.de\/en\/unternehmen\/#primaryimage\"},\"datePublished\":\"2021-02-20T09:59:14+00:00\",\"dateModified\":\"2021-10-25T11:32:57+00:00\",\"description\":\"ArcheNea ist der zuverl\\u00e4ssige Partner f\\u00fcr Ihr Bauvorhaben. Die Bauexperten in Ingolstadt k\\u00fcmmern sich um Bauprojekte. Mehr zu ArcheNea finden Sie hier.\",\"breadcrumb\":{\"@id\":\"https:\/\/archenea-energieberatung.de\/en\/unternehmen\/#breadcrumb\"},\"inLanguage\":\"en-GB\",\"potentialAction\":[{\"@type\":\"ReadAction\",\"target\":[\"https:\/\/archenea-energieberatung.de\/en\/unternehmen\/\"]}]},{\"@type\":\"BreadcrumbList\",\"@id\":\"https:\/\/archenea-energieberatung.de\/en\/unternehmen\/#breadcrumb\",\"itemListElement\":[{\"@type\":\"ListItem\",\"position\":1,\"name\":\"Startseite\",\"item\":\"https:\/\/archenea-energieberatung.de\/en\/\"},{\"@type\":\"ListItem\",\"position\":2,\"name\":\"Bauberater in Ingolstadt: ArcheNea GmbH\"}]}]}<\/script>\n<!-- \/ Yoast SEO plugin. -->","yoast_head_json":{"title":"ArcheNea GmbH in Ingolstadt: Experten im Bauwesen","description":"ArcheNea ist der zuverl\u00e4ssige Partner f\u00fcr Ihr Bauvorhaben. Die Bauexperten in Ingolstadt k\u00fcmmern sich um Bauprojekte. Mehr zu ArcheNea finden Sie hier.","robots":{"index":"index","follow":"follow","max-snippet":"max-snippet:-1","max-image-preview":"max-image-preview:large","max-video-preview":"max-video-preview:-1"},"canonical":"https:\/\/archenea-energieberatung.de\/en\/unternehmen\/","og_locale":"en_GB","og_type":"article","og_title":"ArcheNea GmbH in Ingolstadt: Experten im Bauwesen","og_description":"ArcheNea ist der zuverl\u00e4ssige Partner f\u00fcr Ihr Bauvorhaben. Die Bauexperten in Ingolstadt k\u00fcmmern sich um Bauprojekte. Mehr zu ArcheNea finden Sie hier.","og_url":"https:\/\/archenea-energieberatung.de\/en\/unternehmen\/","og_site_name":"Archenea","article_modified_time":"2021-10-25T11:32:57+00:00","og_image":[{"width":1920,"height":542,"url":"https:\/\/archenea-energieberatung.de\/wp-content\/uploads\/2021\/02\/unternehmen-banner.jpg","path":"\/homepages\/u54842\/archenea_wordpress\/wp-content\/uploads\/2021\/02\/unternehmen-banner.jpg","size":"full","id":176,"alt":"","pixels":1040640,"type":"image\/jpeg"}],"twitter_card":"summary_large_image","schema":{"@context":"https:\/\/schema.org","@graph":[{"@type":"WebSite","@id":"https:\/\/archenea-energieberatung.de\/en\/#website","url":"https:\/\/archenea-energieberatung.de\/en\/","name":"Archenea","description":"","potentialAction":[{"@type":"SearchAction","target":{"@type":"EntryPoint","urlTemplate":"https:\/\/archenea-energieberatung.de\/en\/?s={search_term_string}"},"query-input":"required name=search_term_string"}],"inLanguage":"en-GB"},{"@type":"ImageObject","@id":"https:\/\/archenea-energieberatung.de\/en\/unternehmen\/#primaryimage","inLanguage":"en-GB","url":"https:\/\/archenea-energieberatung.de\/wp-content\/uploads\/2021\/02\/unternehmen-banner.jpg","contentUrl":"https:\/\/archenea-energieberatung.de\/wp-content\/uploads\/2021\/02\/unternehmen-banner.jpg","width":1920,"height":542},{"@type":"WebPage","@id":"https:\/\/archenea-energieberatung.de\/en\/unternehmen\/#webpage","url":"https:\/\/archenea-energieberatung.de\/en\/unternehmen\/","name":"ArcheNea GmbH in Ingolstadt: Experten im Bauwesen","isPartOf":{"@id":"https:\/\/archenea-energieberatung.de\/en\/#website"},"primaryImageOfPage":{"@id":"https:\/\/archenea-energieberatung.de\/en\/unternehmen\/#primaryimage"},"datePublished":"2021-02-20T09:59:14+00:00","dateModified":"2021-10-25T11:32:57+00:00","description":"ArcheNea ist der zuverl\u00e4ssige Partner f\u00fcr Ihr Bauvorhaben. Die Bauexperten in Ingolstadt k\u00fcmmern sich um Bauprojekte. Mehr zu ArcheNea finden Sie hier.","breadcrumb":{"@id":"https:\/\/archenea-energieberatung.de\/en\/unternehmen\/#breadcrumb"},"inLanguage":"en-GB","potentialAction":[{"@type":"ReadAction","target":["https:\/\/archenea-energieberatung.de\/en\/unternehmen\/"]}]},{"@type":"BreadcrumbList","@id":"https:\/\/archenea-energieberatung.de\/en\/unternehmen\/#breadcrumb","itemListElement":[{"@type":"ListItem","position":1,"name":"Startseite","item":"https:\/\/archenea-energieberatung.de\/en\/"},{"@type":"ListItem","position":2,"name":"Bauberater in Ingolstadt: ArcheNea GmbH"}]}]}},"_links":{"self":[{"href":"https:\/\/archenea-energieberatung.de\/en\/wp-json\/wp\/v2\/pages\/51"}],"collection":[{"href":"https:\/\/archenea-energieberatung.de\/en\/wp-json\/wp\/v2\/pages"}],"about":[{"href":"https:\/\/archenea-energieberatung.de\/en\/wp-json\/wp\/v2\/types\/page"}],"author":[{"embeddable":true,"href":"https:\/\/archenea-energieberatung.de\/en\/wp-json\/wp\/v2\/users\/1"}],"replies":[{"embeddable":true,"href":"https:\/\/archenea-energieberatung.de\/en\/wp-json\/wp\/v2\/comments?post=51"}],"version-history":[{"count":8,"href":"https:\/\/archenea-energieberatung.de\/en\/wp-json\/wp\/v2\/pages\/51\/revisions"}],"predecessor-version":[{"id":451,"href":"https:\/\/archenea-energieberatung.de\/en\/wp-json\/wp\/v2\/pages\/51\/revisions\/451"}],"wp:featuredmedia":[{"embeddable":true,"href":"https:\/\/archenea-energieberatung.de\/en\/wp-json\/wp\/v2\/media\/176"}],"wp:attachment":[{"href":"https:\/\/archenea-energieberatung.de\/en\/wp-json\/wp\/v2\/media?parent=51"}],"curies":[{"name":"wp","href":"https:\/\/api.w.org\/{rel}","templated":true}]}}