{"id":59,"date":"2021-02-20T11:01:03","date_gmt":"2021-02-20T10:01:03","guid":{"rendered":"http:\/\/localhost\/archenea\/?page_id=59"},"modified":"2021-10-25T13:40:30","modified_gmt":"2021-10-25T11:40:30","slug":"energieeffizienz","status":"publish","type":"page","link":"https:\/\/archenea-energieberatung.de\/en\/energieeffizienz\/","title":{"rendered":"Energy Efficiency: ArcheNea is your Energy Efficiency Expert"},"content":{"rendered":"<div class=\"wp-block-image\"><figure class=\"alignright size-large\"><img decoding=\"async\" width=\"1024\" height=\"523\" src=\"https:\/\/archenea.de\/wp-content\/uploads\/2021\/07\/slider-3-1024x523.jpg\" alt=\"\" class=\"wp-image-308\" srcset=\"https:\/\/archenea-energieberatung.de\/wp-content\/uploads\/2021\/07\/slider-3-1024x523.jpg 1024w, https:\/\/archenea-energieberatung.de\/wp-content\/uploads\/2021\/07\/slider-3-300x153.jpg 300w, https:\/\/archenea-energieberatung.de\/wp-content\/uploads\/2021\/07\/slider-3-768x392.jpg 768w, https:\/\/archenea-energieberatung.de\/wp-content\/uploads\/2021\/07\/slider-3-1536x784.jpg 1536w, https:\/\/archenea-energieberatung.de\/wp-content\/uploads\/2021\/07\/slider-3-1200x613.jpg 1200w, https:\/\/archenea-energieberatung.de\/wp-content\/uploads\/2021\/07\/slider-3.jpg 1920w\" sizes=\"(max-width: 1024px) 100vw, 1024px\" \/><\/figure><\/div>\n\n\n\n<h2 class=\"wp-block-heading\"><strong>ArcheNea's services in the area of energy efficiency<\/strong><\/h2>\n\n\n\n<p>As energy efficiency experts, we bundle a lot of energy expertise and support you from planning to completion of the construction project.<\/p>\n\n\n\n<p>We specialize in ...<\/p>\n\n\n\n<ul><li>Creating individual energy concepts - for new buildings as well as for renovations of existing buildings<\/li><li>Verifying energy efficiency measures with simulation calculations<\/li><li>Preparing energy performance certificates in accordance with the latest regulations, and<\/li><li>Applying for government grants and other financial subsidies<\/li><\/ul>\n\n\n\n<p>Are you looking for experts to advise you on energy efficiency and sustainable building? We look forward to receiving your contact request!&nbsp;<a href=\"https:\/\/archenea.de\/kontakt\/\">Contact us<\/a>!<\/p>\n\n\n\n<h2 class=\"wp-block-heading\"><strong>Energy-efficient construction: one of the major challenges of climate change<\/strong><\/h2>\n\n\n\n<p>An energy transition is required to combat climate change. Additionally, energy demand is rising worldwide, and, as a result, the price of energy is also rising. The German government has set the goal to reduce primary energy consumption by up to 80 percent by 2050 and is placing greater emphasis on energy efficiency in new and existing buildings.<\/p>\n\n\n\n<p>This concern is worthy of support, as it will enable us to secure a sustainable future on Earth. What must not be forgotten, however, is that energy efficiency and sustainable construction involve a greater financial outlay for building owners and companies.<\/p>","protected":false},"excerpt":{"rendered":"<p>Leistungen von ArcheNea rund um Energieeffizienz Als Energieeffizienz-Experten b\u00fcndeln wir jede Menge Energie-Kompetenz und unterst\u00fctzen Sie von der Planung bis zum Abschluss des Bauprojekts. Wir sind darauf spezialisiert, &#8230; individuelle Energiekonzepte zu erstellen \u2013 sowohl f\u00fcr Neubauten als auch f\u00fcr Sanierungen von Bestandsgeb\u00e4uden, Ma\u00dfnahmen zur Energieeffizienz mit Simulationsberechnungen zu verifizieren, Energieausweise nach den neuesten Regelwerken [&hellip;]<\/p>","protected":false},"author":1,"featured_media":176,"parent":0,"menu_order":0,"comment_status":"closed","ping_status":"closed","template":"","meta":[],"yoast_head":"<!-- This site is optimized with the Yoast SEO plugin v17.0 - https:\/\/yoast.com\/wordpress\/plugins\/seo\/ -->\n<title>ArcheNea in Ingolstadt: Ihre Energieeffizienz-Experten<\/title>\n<meta name=\"description\" content=\"Als Energieeffizienz-Experten unterst\u00fctzt ArcheNea Sie bei Energiekonzepten, Energieausweisen und weiteren Themen. Hier finden Sie unsere Leistungen.\" \/>\n<meta name=\"robots\" content=\"index, follow, max-snippet:-1, max-image-preview:large, max-video-preview:-1\" \/>\n<link rel=\"canonical\" href=\"https:\/\/archenea-energieberatung.de\/en\/energieeffizienz\/\" \/>\n<meta property=\"og:locale\" content=\"en_GB\" \/>\n<meta property=\"og:type\" content=\"article\" \/>\n<meta property=\"og:title\" content=\"ArcheNea in Ingolstadt: Ihre Energieeffizienz-Experten\" \/>\n<meta property=\"og:description\" content=\"Als Energieeffizienz-Experten unterst\u00fctzt ArcheNea Sie bei Energiekonzepten, Energieausweisen und weiteren Themen. Hier finden Sie unsere Leistungen.\" \/>\n<meta property=\"og:url\" content=\"https:\/\/archenea-energieberatung.de\/en\/energieeffizienz\/\" \/>\n<meta property=\"og:site_name\" content=\"Archenea\" \/>\n<meta property=\"article:modified_time\" content=\"2021-10-25T11:40:30+00:00\" \/>\n<meta property=\"og:image\" content=\"https:\/\/archenea-energieberatung.de\/wp-content\/uploads\/2021\/02\/unternehmen-banner.jpg\" \/>\n\t<meta property=\"og:image:width\" content=\"1920\" \/>\n\t<meta property=\"og:image:height\" content=\"542\" \/>\n<meta name=\"twitter:card\" content=\"summary_large_image\" \/>\n<meta name=\"twitter:label1\" content=\"Estimated reading time\" \/>\n\t<meta name=\"twitter:data1\" content=\"1 minute\" \/>\n<script type=\"application\/ld+json\" class=\"yoast-schema-graph\">{\"@context\":\"https:\/\/schema.org\",\"@graph\":[{\"@type\":\"WebSite\",\"@id\":\"https:\/\/archenea-energieberatung.de\/en\/#website\",\"url\":\"https:\/\/archenea-energieberatung.de\/en\/\",\"name\":\"Archenea\",\"description\":\"\",\"potentialAction\":[{\"@type\":\"SearchAction\",\"target\":{\"@type\":\"EntryPoint\",\"urlTemplate\":\"https:\/\/archenea-energieberatung.de\/en\/?s={search_term_string}\"},\"query-input\":\"required name=search_term_string\"}],\"inLanguage\":\"en-GB\"},{\"@type\":\"ImageObject\",\"@id\":\"https:\/\/archenea-energieberatung.de\/en\/energieeffizienz\/#primaryimage\",\"inLanguage\":\"en-GB\",\"url\":\"https:\/\/archenea-energieberatung.de\/wp-content\/uploads\/2021\/02\/unternehmen-banner.jpg\",\"contentUrl\":\"https:\/\/archenea-energieberatung.de\/wp-content\/uploads\/2021\/02\/unternehmen-banner.jpg\",\"width\":1920,\"height\":542},{\"@type\":\"WebPage\",\"@id\":\"https:\/\/archenea-energieberatung.de\/en\/energieeffizienz\/#webpage\",\"url\":\"https:\/\/archenea-energieberatung.de\/en\/energieeffizienz\/\",\"name\":\"ArcheNea in Ingolstadt: Ihre Energieeffizienz-Experten\",\"isPartOf\":{\"@id\":\"https:\/\/archenea-energieberatung.de\/en\/#website\"},\"primaryImageOfPage\":{\"@id\":\"https:\/\/archenea-energieberatung.de\/en\/energieeffizienz\/#primaryimage\"},\"datePublished\":\"2021-02-20T10:01:03+00:00\",\"dateModified\":\"2021-10-25T11:40:30+00:00\",\"description\":\"Als Energieeffizienz-Experten unterst\\u00fctzt ArcheNea Sie bei Energiekonzepten, Energieausweisen und weiteren Themen. Hier finden Sie unsere Leistungen.\",\"breadcrumb\":{\"@id\":\"https:\/\/archenea-energieberatung.de\/en\/energieeffizienz\/#breadcrumb\"},\"inLanguage\":\"en-GB\",\"potentialAction\":[{\"@type\":\"ReadAction\",\"target\":[\"https:\/\/archenea-energieberatung.de\/en\/energieeffizienz\/\"]}]},{\"@type\":\"BreadcrumbList\",\"@id\":\"https:\/\/archenea-energieberatung.de\/en\/energieeffizienz\/#breadcrumb\",\"itemListElement\":[{\"@type\":\"ListItem\",\"position\":1,\"name\":\"Startseite\",\"item\":\"https:\/\/archenea-energieberatung.de\/en\/\"},{\"@type\":\"ListItem\",\"position\":2,\"name\":\"Energieeffizienz: ArcheNea ist Ihr Energieeffizienz-Experte\"}]}]}<\/script>\n<!-- \/ Yoast SEO plugin. -->","yoast_head_json":{"title":"ArcheNea in Ingolstadt: Ihre Energieeffizienz-Experten","description":"Als Energieeffizienz-Experten unterst\u00fctzt ArcheNea Sie bei Energiekonzepten, Energieausweisen und weiteren Themen. Hier finden Sie unsere Leistungen.","robots":{"index":"index","follow":"follow","max-snippet":"max-snippet:-1","max-image-preview":"max-image-preview:large","max-video-preview":"max-video-preview:-1"},"canonical":"https:\/\/archenea-energieberatung.de\/en\/energieeffizienz\/","og_locale":"en_GB","og_type":"article","og_title":"ArcheNea in Ingolstadt: Ihre Energieeffizienz-Experten","og_description":"Als Energieeffizienz-Experten unterst\u00fctzt ArcheNea Sie bei Energiekonzepten, Energieausweisen und weiteren Themen. Hier finden Sie unsere Leistungen.","og_url":"https:\/\/archenea-energieberatung.de\/en\/energieeffizienz\/","og_site_name":"Archenea","article_modified_time":"2021-10-25T11:40:30+00:00","og_image":[{"width":1920,"height":542,"url":"https:\/\/archenea-energieberatung.de\/wp-content\/uploads\/2021\/02\/unternehmen-banner.jpg","path":"\/homepages\/u54842\/archenea_wordpress\/wp-content\/uploads\/2021\/02\/unternehmen-banner.jpg","size":"full","id":176,"alt":"","pixels":1040640,"type":"image\/jpeg"}],"twitter_card":"summary_large_image","twitter_misc":{"Estimated reading time":"1 minute"},"schema":{"@context":"https:\/\/schema.org","@graph":[{"@type":"WebSite","@id":"https:\/\/archenea-energieberatung.de\/en\/#website","url":"https:\/\/archenea-energieberatung.de\/en\/","name":"Archenea","description":"","potentialAction":[{"@type":"SearchAction","target":{"@type":"EntryPoint","urlTemplate":"https:\/\/archenea-energieberatung.de\/en\/?s={search_term_string}"},"query-input":"required name=search_term_string"}],"inLanguage":"en-GB"},{"@type":"ImageObject","@id":"https:\/\/archenea-energieberatung.de\/en\/energieeffizienz\/#primaryimage","inLanguage":"en-GB","url":"https:\/\/archenea-energieberatung.de\/wp-content\/uploads\/2021\/02\/unternehmen-banner.jpg","contentUrl":"https:\/\/archenea-energieberatung.de\/wp-content\/uploads\/2021\/02\/unternehmen-banner.jpg","width":1920,"height":542},{"@type":"WebPage","@id":"https:\/\/archenea-energieberatung.de\/en\/energieeffizienz\/#webpage","url":"https:\/\/archenea-energieberatung.de\/en\/energieeffizienz\/","name":"ArcheNea in Ingolstadt: Ihre Energieeffizienz-Experten","isPartOf":{"@id":"https:\/\/archenea-energieberatung.de\/en\/#website"},"primaryImageOfPage":{"@id":"https:\/\/archenea-energieberatung.de\/en\/energieeffizienz\/#primaryimage"},"datePublished":"2021-02-20T10:01:03+00:00","dateModified":"2021-10-25T11:40:30+00:00","description":"Als Energieeffizienz-Experten unterst\u00fctzt ArcheNea Sie bei Energiekonzepten, Energieausweisen und weiteren Themen. Hier finden Sie unsere Leistungen.","breadcrumb":{"@id":"https:\/\/archenea-energieberatung.de\/en\/energieeffizienz\/#breadcrumb"},"inLanguage":"en-GB","potentialAction":[{"@type":"ReadAction","target":["https:\/\/archenea-energieberatung.de\/en\/energieeffizienz\/"]}]},{"@type":"BreadcrumbList","@id":"https:\/\/archenea-energieberatung.de\/en\/energieeffizienz\/#breadcrumb","itemListElement":[{"@type":"ListItem","position":1,"name":"Startseite","item":"https:\/\/archenea-energieberatung.de\/en\/"},{"@type":"ListItem","position":2,"name":"Energieeffizienz: ArcheNea ist Ihr Energieeffizienz-Experte"}]}]}},"_links":{"self":[{"href":"https:\/\/archenea-energieberatung.de\/en\/wp-json\/wp\/v2\/pages\/59"}],"collection":[{"href":"https:\/\/archenea-energieberatung.de\/en\/wp-json\/wp\/v2\/pages"}],"about":[{"href":"https:\/\/archenea-energieberatung.de\/en\/wp-json\/wp\/v2\/types\/page"}],"author":[{"embeddable":true,"href":"https:\/\/archenea-energieberatung.de\/en\/wp-json\/wp\/v2\/users\/1"}],"replies":[{"embeddable":true,"href":"https:\/\/archenea-energieberatung.de\/en\/wp-json\/wp\/v2\/comments?post=59"}],"version-history":[{"count":19,"href":"https:\/\/archenea-energieberatung.de\/en\/wp-json\/wp\/v2\/pages\/59\/revisions"}],"predecessor-version":[{"id":453,"href":"https:\/\/archenea-energieberatung.de\/en\/wp-json\/wp\/v2\/pages\/59\/revisions\/453"}],"wp:featuredmedia":[{"embeddable":true,"href":"https:\/\/archenea-energieberatung.de\/en\/wp-json\/wp\/v2\/media\/176"}],"wp:attachment":[{"href":"https:\/\/archenea-energieberatung.de\/en\/wp-json\/wp\/v2\/media?parent=59"}],"curies":[{"name":"wp","href":"https:\/\/api.w.org\/{rel}","templated":true}]}}