{"id":63,"date":"2021-02-20T11:02:10","date_gmt":"2021-02-20T10:02:10","guid":{"rendered":"http:\/\/localhost\/archenea\/?page_id=63"},"modified":"2021-10-25T13:55:54","modified_gmt":"2021-10-25T11:55:54","slug":"bauprojektmanagement","status":"publish","type":"page","link":"https:\/\/archenea-energieberatung.de\/en\/bauprojektmanagement\/","title":{"rendered":"Construction Project Management: ArcheNea Assists you with your Construction Project"},"content":{"rendered":"<div class=\"wp-block-image\"><figure class=\"alignright size-full\"><img decoding=\"async\" width=\"749\" height=\"612\" src=\"https:\/\/archenea.de\/wp-content\/uploads\/2021\/02\/welcome-img.jpg\" alt=\"\" class=\"wp-image-113\" srcset=\"https:\/\/archenea-energieberatung.de\/wp-content\/uploads\/2021\/02\/welcome-img.jpg 749w, https:\/\/archenea-energieberatung.de\/wp-content\/uploads\/2021\/02\/welcome-img-300x245.jpg 300w\" sizes=\"(max-width: 749px) 100vw, 749px\" \/><\/figure><\/div>\n\n\n\n<p>Construction project management includes all technical and business aspects of construction project management. The larger a construction project and the more people and trades involved, the more important it is to have proper technical planning. Otherwise, costs can rise uncontrollably and unforeseeable events can jeopardize the entire project. Construction project management is particularly about planning, monitoring and controlling all tasks. We accompany every construction project from the initial planning to the final acceptance by the client.<\/p>\n\n\n\n<h2 class=\"wp-block-heading\"><strong>Construction project management: ArcheNea services at a glance<\/strong><\/h2>\n\n\n\n<ul><li><strong>Project Organization<\/strong>: Project organization is the basis of construction project management. This includes the creation of project structures as well as time and cost plans for the construction project. The briefing of all planners, trades and companies involved as well as the definition of clear milestones of the construction project and reliable project documentation are also essential.<\/li><li><strong>Communication &amp; Coordination of all involved trades<\/strong>: In any construction project, it is essential to maintain an overview. ArcheNea takes on all coordination for the entire construction project for you. We also ensure reliable and targeted communication.<\/li><li><strong>Deadline Management<\/strong>: Deadlines must be met and postponements must be recognized as early as possible and communicated to all parties involved in the construction project.<\/li><li><strong>Cost Management<\/strong>: Cost management of a construction project includes cost planning, cost monitoring and cost control. This area goes hand in hand with construction cost planning.&nbsp;<a href=\"https:\/\/archenea.de\/baukostenplanung-controlling\/\">Construction cost planning<\/a>.<\/li><li><strong>Quality management<\/strong>: Quality management is the basis for satisfied builders and developers. Consistent quality management ensures that the risk of construction defects and structural damage are kept to a minimum.<\/li><li><strong>Permit management<\/strong>: ArcheNea takes care of the planning and execution of permit processes during the planning phase and the construction phase of your construction project. This is important because the approval processes are often time-consuming and costly, especially when it comes to larger construction projects.<\/li><\/ul>","protected":false},"excerpt":{"rendered":"<p>Zum Bauprojektmanagement geh\u00f6ren alle technischen und kaufm\u00e4nnsichen Aspekte der Bauprojektleitung. Je gr\u00f6\u00dfer ein Bauprojekt und je mehr Personen und Gewerke beteiligt sind, desto wichtiger ist eine ordentliche Fachplanung. Ansonsten k\u00f6nnen die Kosten unkontrolliert ansteigen oder unvorhersehbare Geschehnisse das gesamte Bauvorhaben gef\u00e4hrden. Beim Bauprojektmanagement geht es insbesondere darum, alle Aufgaben zu planen, zu \u00fcberwachen und zu [&hellip;]<\/p>","protected":false},"author":1,"featured_media":102,"parent":0,"menu_order":0,"comment_status":"closed","ping_status":"closed","template":"","meta":[],"yoast_head":"<!-- This site is optimized with the Yoast SEO plugin v17.0 - https:\/\/yoast.com\/wordpress\/plugins\/seo\/ -->\n<title>ArcheNea: Wir k\u00fcmmern uns um Bauprojektmanagement<\/title>\n<meta name=\"description\" content=\"Beim Bauprojektmanagement geht es darum, Aufgaben zu planen und zu steuern. ArcheNea in Ingolstadt begleitet Bauprojekte von der Planung bis zur Abnahme.\" \/>\n<meta name=\"robots\" content=\"index, follow, max-snippet:-1, max-image-preview:large, max-video-preview:-1\" \/>\n<link rel=\"canonical\" href=\"https:\/\/archenea-energieberatung.de\/en\/bauprojektmanagement\/\" \/>\n<meta property=\"og:locale\" content=\"en_GB\" \/>\n<meta property=\"og:type\" content=\"article\" \/>\n<meta property=\"og:title\" content=\"ArcheNea: Wir k\u00fcmmern uns um Bauprojektmanagement\" \/>\n<meta property=\"og:description\" content=\"Beim Bauprojektmanagement geht es darum, Aufgaben zu planen und zu steuern. ArcheNea in Ingolstadt begleitet Bauprojekte von der Planung bis zur Abnahme.\" \/>\n<meta property=\"og:url\" content=\"https:\/\/archenea-energieberatung.de\/en\/bauprojektmanagement\/\" \/>\n<meta property=\"og:site_name\" content=\"Archenea\" \/>\n<meta property=\"article:modified_time\" content=\"2021-10-25T11:55:54+00:00\" \/>\n<meta property=\"og:image\" content=\"https:\/\/archenea-energieberatung.de\/wp-content\/uploads\/2021\/02\/slider-1.jpg\" \/>\n\t<meta property=\"og:image:width\" content=\"1920\" \/>\n\t<meta property=\"og:image:height\" content=\"980\" \/>\n<meta name=\"twitter:card\" content=\"summary_large_image\" \/>\n<meta name=\"twitter:label1\" content=\"Estimated reading time\" \/>\n\t<meta name=\"twitter:data1\" content=\"2 minutes\" \/>\n<script type=\"application\/ld+json\" class=\"yoast-schema-graph\">{\"@context\":\"https:\/\/schema.org\",\"@graph\":[{\"@type\":\"WebSite\",\"@id\":\"https:\/\/archenea-energieberatung.de\/en\/#website\",\"url\":\"https:\/\/archenea-energieberatung.de\/en\/\",\"name\":\"Archenea\",\"description\":\"\",\"potentialAction\":[{\"@type\":\"SearchAction\",\"target\":{\"@type\":\"EntryPoint\",\"urlTemplate\":\"https:\/\/archenea-energieberatung.de\/en\/?s={search_term_string}\"},\"query-input\":\"required name=search_term_string\"}],\"inLanguage\":\"en-GB\"},{\"@type\":\"ImageObject\",\"@id\":\"https:\/\/archenea-energieberatung.de\/en\/bauprojektmanagement\/#primaryimage\",\"inLanguage\":\"en-GB\",\"url\":\"https:\/\/archenea-energieberatung.de\/wp-content\/uploads\/2021\/02\/slider-1.jpg\",\"contentUrl\":\"https:\/\/archenea-energieberatung.de\/wp-content\/uploads\/2021\/02\/slider-1.jpg\",\"width\":1920,\"height\":980},{\"@type\":\"WebPage\",\"@id\":\"https:\/\/archenea-energieberatung.de\/en\/bauprojektmanagement\/#webpage\",\"url\":\"https:\/\/archenea-energieberatung.de\/en\/bauprojektmanagement\/\",\"name\":\"ArcheNea: Wir k\\u00fcmmern uns um Bauprojektmanagement\",\"isPartOf\":{\"@id\":\"https:\/\/archenea-energieberatung.de\/en\/#website\"},\"primaryImageOfPage\":{\"@id\":\"https:\/\/archenea-energieberatung.de\/en\/bauprojektmanagement\/#primaryimage\"},\"datePublished\":\"2021-02-20T10:02:10+00:00\",\"dateModified\":\"2021-10-25T11:55:54+00:00\",\"description\":\"Beim Bauprojektmanagement geht es darum, Aufgaben zu planen und zu steuern. ArcheNea in Ingolstadt begleitet Bauprojekte von der Planung bis zur Abnahme.\",\"breadcrumb\":{\"@id\":\"https:\/\/archenea-energieberatung.de\/en\/bauprojektmanagement\/#breadcrumb\"},\"inLanguage\":\"en-GB\",\"potentialAction\":[{\"@type\":\"ReadAction\",\"target\":[\"https:\/\/archenea-energieberatung.de\/en\/bauprojektmanagement\/\"]}]},{\"@type\":\"BreadcrumbList\",\"@id\":\"https:\/\/archenea-energieberatung.de\/en\/bauprojektmanagement\/#breadcrumb\",\"itemListElement\":[{\"@type\":\"ListItem\",\"position\":1,\"name\":\"Startseite\",\"item\":\"https:\/\/archenea-energieberatung.de\/en\/\"},{\"@type\":\"ListItem\",\"position\":2,\"name\":\"Bauprojektmanagement: ArcheNea unterst\\u00fctzt Sie bei Ihrem Bauprojekt\"}]}]}<\/script>\n<!-- \/ Yoast SEO plugin. -->","yoast_head_json":{"title":"ArcheNea: Wir k\u00fcmmern uns um Bauprojektmanagement","description":"Beim Bauprojektmanagement geht es darum, Aufgaben zu planen und zu steuern. ArcheNea in Ingolstadt begleitet Bauprojekte von der Planung bis zur Abnahme.","robots":{"index":"index","follow":"follow","max-snippet":"max-snippet:-1","max-image-preview":"max-image-preview:large","max-video-preview":"max-video-preview:-1"},"canonical":"https:\/\/archenea-energieberatung.de\/en\/bauprojektmanagement\/","og_locale":"en_GB","og_type":"article","og_title":"ArcheNea: Wir k\u00fcmmern uns um Bauprojektmanagement","og_description":"Beim Bauprojektmanagement geht es darum, Aufgaben zu planen und zu steuern. ArcheNea in Ingolstadt begleitet Bauprojekte von der Planung bis zur Abnahme.","og_url":"https:\/\/archenea-energieberatung.de\/en\/bauprojektmanagement\/","og_site_name":"Archenea","article_modified_time":"2021-10-25T11:55:54+00:00","og_image":[{"width":1920,"height":980,"url":"https:\/\/archenea-energieberatung.de\/wp-content\/uploads\/2021\/02\/slider-1.jpg","path":"\/homepages\/u54842\/archenea_wordpress\/wp-content\/uploads\/2021\/02\/slider-1.jpg","size":"full","id":102,"alt":"","pixels":1881600,"type":"image\/jpeg"}],"twitter_card":"summary_large_image","twitter_misc":{"Estimated reading time":"2 minutes"},"schema":{"@context":"https:\/\/schema.org","@graph":[{"@type":"WebSite","@id":"https:\/\/archenea-energieberatung.de\/en\/#website","url":"https:\/\/archenea-energieberatung.de\/en\/","name":"Archenea","description":"","potentialAction":[{"@type":"SearchAction","target":{"@type":"EntryPoint","urlTemplate":"https:\/\/archenea-energieberatung.de\/en\/?s={search_term_string}"},"query-input":"required name=search_term_string"}],"inLanguage":"en-GB"},{"@type":"ImageObject","@id":"https:\/\/archenea-energieberatung.de\/en\/bauprojektmanagement\/#primaryimage","inLanguage":"en-GB","url":"https:\/\/archenea-energieberatung.de\/wp-content\/uploads\/2021\/02\/slider-1.jpg","contentUrl":"https:\/\/archenea-energieberatung.de\/wp-content\/uploads\/2021\/02\/slider-1.jpg","width":1920,"height":980},{"@type":"WebPage","@id":"https:\/\/archenea-energieberatung.de\/en\/bauprojektmanagement\/#webpage","url":"https:\/\/archenea-energieberatung.de\/en\/bauprojektmanagement\/","name":"ArcheNea: Wir k\u00fcmmern uns um Bauprojektmanagement","isPartOf":{"@id":"https:\/\/archenea-energieberatung.de\/en\/#website"},"primaryImageOfPage":{"@id":"https:\/\/archenea-energieberatung.de\/en\/bauprojektmanagement\/#primaryimage"},"datePublished":"2021-02-20T10:02:10+00:00","dateModified":"2021-10-25T11:55:54+00:00","description":"Beim Bauprojektmanagement geht es darum, Aufgaben zu planen und zu steuern. ArcheNea in Ingolstadt begleitet Bauprojekte von der Planung bis zur Abnahme.","breadcrumb":{"@id":"https:\/\/archenea-energieberatung.de\/en\/bauprojektmanagement\/#breadcrumb"},"inLanguage":"en-GB","potentialAction":[{"@type":"ReadAction","target":["https:\/\/archenea-energieberatung.de\/en\/bauprojektmanagement\/"]}]},{"@type":"BreadcrumbList","@id":"https:\/\/archenea-energieberatung.de\/en\/bauprojektmanagement\/#breadcrumb","itemListElement":[{"@type":"ListItem","position":1,"name":"Startseite","item":"https:\/\/archenea-energieberatung.de\/en\/"},{"@type":"ListItem","position":2,"name":"Bauprojektmanagement: ArcheNea unterst\u00fctzt Sie bei Ihrem Bauprojekt"}]}]}},"_links":{"self":[{"href":"https:\/\/archenea-energieberatung.de\/en\/wp-json\/wp\/v2\/pages\/63"}],"collection":[{"href":"https:\/\/archenea-energieberatung.de\/en\/wp-json\/wp\/v2\/pages"}],"about":[{"href":"https:\/\/archenea-energieberatung.de\/en\/wp-json\/wp\/v2\/types\/page"}],"author":[{"embeddable":true,"href":"https:\/\/archenea-energieberatung.de\/en\/wp-json\/wp\/v2\/users\/1"}],"replies":[{"embeddable":true,"href":"https:\/\/archenea-energieberatung.de\/en\/wp-json\/wp\/v2\/comments?post=63"}],"version-history":[{"count":14,"href":"https:\/\/archenea-energieberatung.de\/en\/wp-json\/wp\/v2\/pages\/63\/revisions"}],"predecessor-version":[{"id":459,"href":"https:\/\/archenea-energieberatung.de\/en\/wp-json\/wp\/v2\/pages\/63\/revisions\/459"}],"wp:featuredmedia":[{"embeddable":true,"href":"https:\/\/archenea-energieberatung.de\/en\/wp-json\/wp\/v2\/media\/102"}],"wp:attachment":[{"href":"https:\/\/archenea-energieberatung.de\/en\/wp-json\/wp\/v2\/media?parent=63"}],"curies":[{"name":"wp","href":"https:\/\/api.w.org\/{rel}","templated":true}]}}