{"id":67,"date":"2021-02-20T11:05:50","date_gmt":"2021-02-20T10:05:50","guid":{"rendered":"http:\/\/localhost\/archenea\/?page_id=67"},"modified":"2021-10-25T13:46:18","modified_gmt":"2021-10-25T11:46:18","slug":"sachverstaendigenwesen","status":"publish","type":"page","link":"https:\/\/archenea-energieberatung.de\/en\/sachverstaendigenwesen\/","title":{"rendered":"ArcheNea: Expert Opinions and Experts for All Construction Matters"},"content":{"rendered":"<div class=\"wp-block-image\"><figure class=\"alignright size-large\"><img decoding=\"async\" width=\"1024\" height=\"523\" src=\"https:\/\/archenea.de\/wp-content\/uploads\/2021\/07\/slider-4-1024x523.jpg\" alt=\"\" class=\"wp-image-305\" srcset=\"https:\/\/archenea-energieberatung.de\/wp-content\/uploads\/2021\/07\/slider-4-1024x523.jpg 1024w, https:\/\/archenea-energieberatung.de\/wp-content\/uploads\/2021\/07\/slider-4-300x153.jpg 300w, https:\/\/archenea-energieberatung.de\/wp-content\/uploads\/2021\/07\/slider-4-768x392.jpg 768w, https:\/\/archenea-energieberatung.de\/wp-content\/uploads\/2021\/07\/slider-4-1536x784.jpg 1536w, https:\/\/archenea-energieberatung.de\/wp-content\/uploads\/2021\/07\/slider-4-1200x613.jpg 1200w, https:\/\/archenea-energieberatung.de\/wp-content\/uploads\/2021\/07\/slider-4.jpg 1920w\" sizes=\"(max-width: 1024px) 100vw, 1024px\" \/><\/figure><\/div>\n\n\n\n<h2 class=\"wp-block-heading\"><strong>Expert opinions &amp; expert witness services: ArcheNea services at a glance<\/strong><\/h2>\n\n\n\n<p class=\" translation-block\">If damage, deviations or defects occur after completion of a construction project, experts must provide professional opinions on the structural defects or damage. The <a href=\"https:\/\/archenea.de\/team\/\" target=\"_self\">ArcheNea-Team<\/a> consists of professional surveyors and experts in all relevant areas of construction and is always at your disposal with sound know-how.<\/p>\n\n\n\n<p>We provide the following services surrounding expert opinions for you:<\/p>\n\n\n\n<ul><li>Expert opinions on thermal building physics<\/li><li>Expert opinions on mold damage or moisture damage<\/li><li>Expert opinions on thermal insulation<\/li><li>Expert opinions on any structural defects<\/li><li>Determination of market value in the form of market value appraisals for your property<\/li><\/ul>\n\n\n\n<p class=\" translation-block\">Are you in need of expert opinions? The ArcheNea team is there for you - feel free to <a href=\"https:\/\/archenea.de\/kontakt\/\" target=\"_self\">Contact us<\/a>.<\/p>\n\n\n\n<p>Our team is comprised of experts in their respective fields. Thus, we guarantee that our appraisals are 100% professionally prepared and, in the event of a dispute, contain reliable, trustworthy facts and information.<\/p>\n\n\n\n<h2 class=\"wp-block-heading\"><strong>Construction: Professional expert opinions are essential in the event of a dispute<\/strong><\/h2>\n\n\n\n<p>Whether it's mold damage, moisture, thermal insulation or structural defects, expert opinions are indispensable in the construction industry. They are particularly important in the event of a dispute. Therefore, property owners have a high interest in professional opinions from experts who have exceptional knowledge about the construction industry.<\/p>","protected":false},"excerpt":{"rendered":"<p>Gutachten &amp; Sachverst\u00e4ndigenwesen: Leistungen von ArcheNea im \u00dcberblick Kommt es nach der Fertigstellung eines Bauprojekts zu Sch\u00e4den, Abweichungen oder M\u00e4ngeln, m\u00fcssen Sachverst\u00e4ndige professionelle Gutachten zu den baulichen M\u00e4ngeln oder Sch\u00e4den erstellen. Das\u00a0ArcheNea-Team\u00a0\u00a0besteht aus professionellen Sachverst\u00e4ndigen und Experten in relevanten Bereichen des Bauwesens und steht Ihnen mit fundiertem Know-how jederzeit zur Verf\u00fcgung. Diese Leistungen\u00a0rund um Gutachten [&hellip;]<\/p>","protected":false},"author":1,"featured_media":310,"parent":0,"menu_order":0,"comment_status":"closed","ping_status":"closed","template":"","meta":[],"yoast_head":"<!-- This site is optimized with the Yoast SEO plugin v17.0 - https:\/\/yoast.com\/wordpress\/plugins\/seo\/ -->\n<title>ArcheNea: Gutachten zu baulichen M\u00e4ngeln und Sch\u00e4den<\/title>\n<meta name=\"description\" content=\"Sie suchen erfahrene Sachverst\u00e4ndige, die professionelle Gutachten zu baulichen M\u00e4ngeln erstellen? Dann melden Sie sich bei ArcheNea in Ingolstadt!\" \/>\n<meta name=\"robots\" content=\"index, follow, max-snippet:-1, max-image-preview:large, max-video-preview:-1\" \/>\n<link rel=\"canonical\" href=\"https:\/\/archenea-energieberatung.de\/en\/sachverstaendigenwesen\/\" \/>\n<meta property=\"og:locale\" content=\"en_GB\" \/>\n<meta property=\"og:type\" content=\"article\" \/>\n<meta property=\"og:title\" content=\"ArcheNea: Gutachten zu baulichen M\u00e4ngeln und Sch\u00e4den\" \/>\n<meta property=\"og:description\" content=\"Sie suchen erfahrene Sachverst\u00e4ndige, die professionelle Gutachten zu baulichen M\u00e4ngeln erstellen? Dann melden Sie sich bei ArcheNea in Ingolstadt!\" \/>\n<meta property=\"og:url\" content=\"https:\/\/archenea-energieberatung.de\/en\/sachverstaendigenwesen\/\" \/>\n<meta property=\"og:site_name\" content=\"Archenea\" \/>\n<meta property=\"article:modified_time\" content=\"2021-10-25T11:46:18+00:00\" \/>\n<meta property=\"og:image\" content=\"https:\/\/archenea-energieberatung.de\/wp-content\/uploads\/2021\/07\/slider-6.jpg\" \/>\n\t<meta property=\"og:image:width\" content=\"1920\" \/>\n\t<meta property=\"og:image:height\" content=\"980\" \/>\n<meta name=\"twitter:card\" content=\"summary_large_image\" \/>\n<meta name=\"twitter:label1\" content=\"Estimated reading time\" \/>\n\t<meta name=\"twitter:data1\" content=\"2 minutes\" \/>\n<script type=\"application\/ld+json\" class=\"yoast-schema-graph\">{\"@context\":\"https:\/\/schema.org\",\"@graph\":[{\"@type\":\"WebSite\",\"@id\":\"https:\/\/archenea-energieberatung.de\/en\/#website\",\"url\":\"https:\/\/archenea-energieberatung.de\/en\/\",\"name\":\"Archenea\",\"description\":\"\",\"potentialAction\":[{\"@type\":\"SearchAction\",\"target\":{\"@type\":\"EntryPoint\",\"urlTemplate\":\"https:\/\/archenea-energieberatung.de\/en\/?s={search_term_string}\"},\"query-input\":\"required name=search_term_string\"}],\"inLanguage\":\"en-GB\"},{\"@type\":\"ImageObject\",\"@id\":\"https:\/\/archenea-energieberatung.de\/en\/sachverstaendigenwesen\/#primaryimage\",\"inLanguage\":\"en-GB\",\"url\":\"https:\/\/archenea-energieberatung.de\/wp-content\/uploads\/2021\/07\/slider-6.jpg\",\"contentUrl\":\"https:\/\/archenea-energieberatung.de\/wp-content\/uploads\/2021\/07\/slider-6.jpg\",\"width\":1920,\"height\":980},{\"@type\":\"WebPage\",\"@id\":\"https:\/\/archenea-energieberatung.de\/en\/sachverstaendigenwesen\/#webpage\",\"url\":\"https:\/\/archenea-energieberatung.de\/en\/sachverstaendigenwesen\/\",\"name\":\"ArcheNea: Gutachten zu baulichen M\\u00e4ngeln und Sch\\u00e4den\",\"isPartOf\":{\"@id\":\"https:\/\/archenea-energieberatung.de\/en\/#website\"},\"primaryImageOfPage\":{\"@id\":\"https:\/\/archenea-energieberatung.de\/en\/sachverstaendigenwesen\/#primaryimage\"},\"datePublished\":\"2021-02-20T10:05:50+00:00\",\"dateModified\":\"2021-10-25T11:46:18+00:00\",\"description\":\"Sie suchen erfahrene Sachverst\\u00e4ndige, die professionelle Gutachten zu baulichen M\\u00e4ngeln erstellen? Dann melden Sie sich bei ArcheNea in Ingolstadt!\",\"breadcrumb\":{\"@id\":\"https:\/\/archenea-energieberatung.de\/en\/sachverstaendigenwesen\/#breadcrumb\"},\"inLanguage\":\"en-GB\",\"potentialAction\":[{\"@type\":\"ReadAction\",\"target\":[\"https:\/\/archenea-energieberatung.de\/en\/sachverstaendigenwesen\/\"]}]},{\"@type\":\"BreadcrumbList\",\"@id\":\"https:\/\/archenea-energieberatung.de\/en\/sachverstaendigenwesen\/#breadcrumb\",\"itemListElement\":[{\"@type\":\"ListItem\",\"position\":1,\"name\":\"Startseite\",\"item\":\"https:\/\/archenea-energieberatung.de\/en\/\"},{\"@type\":\"ListItem\",\"position\":2,\"name\":\"ArcheNea: Gutachten und Sachverst\\u00e4ndige f\\u00fcr alle Bau-Angelegenheiten\"}]}]}<\/script>\n<!-- \/ Yoast SEO plugin. -->","yoast_head_json":{"title":"ArcheNea: Gutachten zu baulichen M\u00e4ngeln und Sch\u00e4den","description":"Sie suchen erfahrene Sachverst\u00e4ndige, die professionelle Gutachten zu baulichen M\u00e4ngeln erstellen? Dann melden Sie sich bei ArcheNea in Ingolstadt!","robots":{"index":"index","follow":"follow","max-snippet":"max-snippet:-1","max-image-preview":"max-image-preview:large","max-video-preview":"max-video-preview:-1"},"canonical":"https:\/\/archenea-energieberatung.de\/en\/sachverstaendigenwesen\/","og_locale":"en_GB","og_type":"article","og_title":"ArcheNea: Gutachten zu baulichen M\u00e4ngeln und Sch\u00e4den","og_description":"Sie suchen erfahrene Sachverst\u00e4ndige, die professionelle Gutachten zu baulichen M\u00e4ngeln erstellen? Dann melden Sie sich bei ArcheNea in Ingolstadt!","og_url":"https:\/\/archenea-energieberatung.de\/en\/sachverstaendigenwesen\/","og_site_name":"Archenea","article_modified_time":"2021-10-25T11:46:18+00:00","og_image":[{"width":1920,"height":980,"url":"https:\/\/archenea-energieberatung.de\/wp-content\/uploads\/2021\/07\/slider-6.jpg","path":"\/homepages\/u54842\/archenea_wordpress\/wp-content\/uploads\/2021\/07\/slider-6.jpg","size":"full","id":310,"alt":"","pixels":1881600,"type":"image\/jpeg"}],"twitter_card":"summary_large_image","twitter_misc":{"Estimated reading time":"2 minutes"},"schema":{"@context":"https:\/\/schema.org","@graph":[{"@type":"WebSite","@id":"https:\/\/archenea-energieberatung.de\/en\/#website","url":"https:\/\/archenea-energieberatung.de\/en\/","name":"Archenea","description":"","potentialAction":[{"@type":"SearchAction","target":{"@type":"EntryPoint","urlTemplate":"https:\/\/archenea-energieberatung.de\/en\/?s={search_term_string}"},"query-input":"required name=search_term_string"}],"inLanguage":"en-GB"},{"@type":"ImageObject","@id":"https:\/\/archenea-energieberatung.de\/en\/sachverstaendigenwesen\/#primaryimage","inLanguage":"en-GB","url":"https:\/\/archenea-energieberatung.de\/wp-content\/uploads\/2021\/07\/slider-6.jpg","contentUrl":"https:\/\/archenea-energieberatung.de\/wp-content\/uploads\/2021\/07\/slider-6.jpg","width":1920,"height":980},{"@type":"WebPage","@id":"https:\/\/archenea-energieberatung.de\/en\/sachverstaendigenwesen\/#webpage","url":"https:\/\/archenea-energieberatung.de\/en\/sachverstaendigenwesen\/","name":"ArcheNea: Gutachten zu baulichen M\u00e4ngeln und Sch\u00e4den","isPartOf":{"@id":"https:\/\/archenea-energieberatung.de\/en\/#website"},"primaryImageOfPage":{"@id":"https:\/\/archenea-energieberatung.de\/en\/sachverstaendigenwesen\/#primaryimage"},"datePublished":"2021-02-20T10:05:50+00:00","dateModified":"2021-10-25T11:46:18+00:00","description":"Sie suchen erfahrene Sachverst\u00e4ndige, die professionelle Gutachten zu baulichen M\u00e4ngeln erstellen? Dann melden Sie sich bei ArcheNea in Ingolstadt!","breadcrumb":{"@id":"https:\/\/archenea-energieberatung.de\/en\/sachverstaendigenwesen\/#breadcrumb"},"inLanguage":"en-GB","potentialAction":[{"@type":"ReadAction","target":["https:\/\/archenea-energieberatung.de\/en\/sachverstaendigenwesen\/"]}]},{"@type":"BreadcrumbList","@id":"https:\/\/archenea-energieberatung.de\/en\/sachverstaendigenwesen\/#breadcrumb","itemListElement":[{"@type":"ListItem","position":1,"name":"Startseite","item":"https:\/\/archenea-energieberatung.de\/en\/"},{"@type":"ListItem","position":2,"name":"ArcheNea: Gutachten und Sachverst\u00e4ndige f\u00fcr alle Bau-Angelegenheiten"}]}]}},"_links":{"self":[{"href":"https:\/\/archenea-energieberatung.de\/en\/wp-json\/wp\/v2\/pages\/67"}],"collection":[{"href":"https:\/\/archenea-energieberatung.de\/en\/wp-json\/wp\/v2\/pages"}],"about":[{"href":"https:\/\/archenea-energieberatung.de\/en\/wp-json\/wp\/v2\/types\/page"}],"author":[{"embeddable":true,"href":"https:\/\/archenea-energieberatung.de\/en\/wp-json\/wp\/v2\/users\/1"}],"replies":[{"embeddable":true,"href":"https:\/\/archenea-energieberatung.de\/en\/wp-json\/wp\/v2\/comments?post=67"}],"version-history":[{"count":14,"href":"https:\/\/archenea-energieberatung.de\/en\/wp-json\/wp\/v2\/pages\/67\/revisions"}],"predecessor-version":[{"id":457,"href":"https:\/\/archenea-energieberatung.de\/en\/wp-json\/wp\/v2\/pages\/67\/revisions\/457"}],"wp:featuredmedia":[{"embeddable":true,"href":"https:\/\/archenea-energieberatung.de\/en\/wp-json\/wp\/v2\/media\/310"}],"wp:attachment":[{"href":"https:\/\/archenea-energieberatung.de\/en\/wp-json\/wp\/v2\/media?parent=67"}],"curies":[{"name":"wp","href":"https:\/\/api.w.org\/{rel}","templated":true}]}}